{"id":7140,"date":"2025-06-08T11:07:10","date_gmt":"2025-06-08T11:07:10","guid":{"rendered":"https:\/\/deannafrazier.com\/home\/nove-trendy-v-e-sportovom-stavkovani-s-bassbet"},"modified":"2025-06-08T11:07:10","modified_gmt":"2025-06-08T11:07:10","slug":"nove-trendy-v-e-sportovom-stavkovani-s-bassbet","status":"publish","type":"page","link":"https:\/\/deannafrazier.com\/home\/nove-trendy-v-e-sportovom-stavkovani-s-bassbet","title":{"rendered":"Nov\u00e9 trendy v e-\u0161portovom st\u00e1vkovan\u00ed s BassBet"},"content":{"rendered":"<h1>BassBet: Trendy v e-\u0161portovom st\u00e1vkovan\u00ed<\/h1>\n<p><img decoding=\"async\" src=\"https:\/\/workology.com\/wp-content\/uploads\/2023\/09\/Website-images-2-1024x927.png\" alt=\"BassBet\" style=\"display: block; margin: 20px auto; max-width: 100%;\" \/>  <\/p>\n<p>E-\u0161porty s\u00fa na vzostupe a s nimi aj st\u00e1vkovanie na tieto vzru\u0161uj\u00face s\u00fa?a\u017ee. V posledn\u00fdch rokoch sa stali e-\u0161porty jedn\u00fdm z najpopul\u00e1rnej\u0161\u00edch odvetv\u00ed na svete. Tis\u00edce div\u00e1kov sleduj\u00fa profesion\u00e1lnych hr\u00e1?ov s\u00fa?a\u017ei? v hr\u00e1ch ako League of Legends, Dota 2 a CS:GO. Tento ?l\u00e1nok sa zameriava na trendy v e-\u0161portovom st\u00e1vkovan\u00ed a na to, ako m\u00f4\u017eu st\u00e1vkari vyu\u017ei? tieto trendy na zisk.<\/p>\n<h2>Rast\u00faca popularita e-\u0161portov<\/h2>\n<p>Popularita e-\u0161portov sa neust\u00e1le zvy\u0161uje. Mnoh\u00ed odborn\u00edci predpokladaj\u00fa, \u017ee do roku 2025 presiahne trh e-\u0161portov hodnotu 1 miliardy dol\u00e1rov. S rast\u00facim po?tom fan\u00fa\u0161ikov sa zvy\u0161uje aj z\u00e1ujem o st\u00e1vkovanie na e-\u0161porty. Pre st\u00e1vkov\u00e9 kancel\u00e1rie, ako je <a href=\"https:\/\/bassbet-casino.sk\/sk-sk\">BassBet<\/a>, to predstavuje ve?k\u00fa pr\u00edle\u017eitos? na rast a inov\u00e1cie.<\/p>\n<h3>Typy st\u00e1vok na e-\u0161porty<\/h3>\n<p>Existuje nieko?ko r\u00f4znych typov st\u00e1vok, ktor\u00e9 m\u00f4\u017eu st\u00e1vkari vyu\u017ei?:<\/p>\n<ul>\n<li><strong>Priame st\u00e1vky:<\/strong> Toto je najbe\u017enej\u0161\u00ed typ st\u00e1vky, kde st\u00e1vkari predpovedaj\u00fa v\u00ed?aza z\u00e1pasu.<\/li>\n<li><strong>St\u00e1vky na handicap:<\/strong> Tieto st\u00e1vky vyrovn\u00e1vaj\u00fa \u0161ance medzi dvoma t\u00edmami, ?o m\u00f4\u017ee by? u\u017eito?n\u00e9, ke? jeden t\u00edm je v\u00fdrazne silnej\u0161\u00ed.<\/li>\n<li><strong>St\u00e1vky na celkov\u00fd po?et:<\/strong> St\u00e1vkari predpovedaj\u00fa, ko?ko celkov\u00fdch bodov alebo fragov sa dosiahne po?as z\u00e1pasu.<\/li>\n<li><strong>\u017div\u00e9 st\u00e1vkovanie:<\/strong> Umo\u017e?uje st\u00e1vkarom stavi? na z\u00e1pas v re\u00e1lnom ?ase, ?o prid\u00e1va ?al\u0161\u00ed rozmer vzru\u0161enia.<\/li>\n<\/ul>\n<h2>Technol\u00f3gie a inov\u00e1cia<\/h2>\n<p>Pokrok v technol\u00f3gii m\u00e1 v\u00fdznamn\u00fd dopad na e-\u0161portov\u00e9 st\u00e1vkovanie. Mobiln\u00e9 aplik\u00e1cie a online platformy, ako je BassBet, umo\u017e?uj\u00fa st\u00e1vkarom stavi? kdeko?vek a kedyko?vek. Preh?adn\u00e9 rozhrania a r\u00fdchle transakcie zlep\u0161uj\u00fa celkov\u00fd z\u00e1\u017eitok zo st\u00e1vkovania.<\/p>\n<h3>Regul\u00e1cia a bezpe?nos?<\/h3>\n<p>S rast\u00facou popularitou e-\u0161portov\u00e9ho st\u00e1vkovania prich\u00e1dza aj potreba regul\u00e1cie. Regula?n\u00e9 org\u00e1ny sa sna\u017eia zabezpe?i?, aby st\u00e1vkovanie bolo spravodliv\u00e9 a bezpe?n\u00e9 pre v\u0161etk\u00fdch \u00fa?astn\u00edkov. Transparentnos? a ochrana osobn\u00fdch \u00fadajov s\u00fa k?\u00fa?ov\u00fdmi aspektmi, ktor\u00e9 musia by? zoh?adnen\u00e9.<\/p>\n<h2>Trendy v st\u00e1vkovan\u00ed<\/h2>\n<p>Niektor\u00e9 z aktu\u00e1lnych trendov v e-\u0161portovom st\u00e1vkovan\u00ed zah??aj\u00fa:<\/p>\n<ol>\n<li>Rast\u00faci z\u00e1ujem o women\u2019s leagues a turnaje.<\/li>\n<li>Inov\u00e1cie v st\u00e1vkov\u00fdch mo\u017enostiach, ako s\u00fa prop bety.<\/li>\n<li>Vyu\u017eitie analytiky a \u0161tatist\u00edk na zlep\u0161enie predikci\u00ed.<\/li>\n<\/ol>\n<h3>Z\u00e1ver<\/h3>\n<p>E-\u0161portov\u00e9 st\u00e1vkovanie predstavuje vzru\u0161uj\u00facu pr\u00edle\u017eitos? pre st\u00e1vkarov. S neust\u00e1lym rastom popularity e-\u0161portov, technol\u00f3gi\u00ed a regul\u00e1cie m\u00f4\u017eu st\u00e1vkari, ktor\u00ed sa rozhodn\u00fa vyu\u017ei? platformy ako BassBet, ?a\u017ei? z t\u00fdchto trendov. Pochopenie t\u00fdchto aspektov m\u00f4\u017ee vies? k \u00faspe\u0161n\u00fdm st\u00e1vkam a ziskom v dynamickom svete e-\u0161portov.<\/p>\n","protected":false},"excerpt":{"rendered":"<p>BassBet: Trendy v e-\u0161portovom st\u00e1vkovan\u00ed<\/p>\n<p>E-\u0161porty s\u00fa na vzostupe a s nimi aj st\u00e1vkovanie na tieto vzru\u0161uj\u00face s\u00fa?a\u017ee. V posledn\u00fdch rokoch sa stali e-\u0161porty jedn\u00fdm z najpopul\u00e1rnej\u0161\u00edch odvetv\u00ed na svete. Tis\u00edce div\u00e1kov sleduj\u00fa profesion\u00e1lnych hr\u00e1?ov s\u00fa?a\u017ei? v hr\u00e1ch ako League of Legends, Dota 2 a CS:GO. Tento ?l\u00e1nok sa zameriava na trendy v e-\u0161portovom st\u00e1vkovan\u00ed a na to, ako m\u00f4\u017eu st\u00e1vkari vyu\u017ei? tieto trendy na zisk.<br \/>\nRast\u00faca popularita e-\u0161portov<br \/>\nPopularita e-\u0161portov sa neust\u00e1le zvy\u0161uje. Mnoh\u00ed odborn\u00edci predpokladaj\u00fa, \u017ee do roku 2025 presiahne trh e-\u0161portov hodnotu 1 miliardy dol\u00e1rov. S rast\u00facim po?tom fan\u00fa\u0161ikov sa zvy\u0161uje aj z\u00e1ujem o st\u00e1vkovanie na e-\u0161porty. Pre st\u00e1vkov\u00e9 kancel\u00e1rie, ako je BassBet, to predstavuje ve?k\u00fa pr\u00edle\u017eitos? na rast a inov\u00e1cie.<br \/>\nTypy st\u00e1vok na e-\u0161porty<br \/>\nExistuje nieko?ko r\u00f4znych typov st\u00e1vok, ktor\u00e9 m\u00f4\u017eu st\u00e1vkari vyu\u017ei?:<\/p>\n<p>Priame st\u00e1vky: Toto je najbe\u017enej\u0161\u00ed typ st\u00e1vky, kde st\u00e1vkari predpovedaj\u00fa v\u00ed?aza z\u00e1pasu.<br \/>\nSt\u00e1vky na handicap: Tieto st\u00e1vky vyrovn\u00e1vaj\u00fa \u0161ance medzi dvoma t\u00edmami, ?o m\u00f4\u017ee by? u\u017eito?n\u00e9, ke? jeden &#8230;<\/p>\n","protected":false},"author":1,"featured_media":0,"parent":0,"menu_order":0,"comment_status":"closed","ping_status":"closed","template":"","meta":{"ngg_post_thumbnail":0,"footnotes":"","_links_to":"","_links_to_target":""},"class_list":["post-7140","page","type-page","status-publish","hentry"],"aioseo_notices":[],"_links":{"self":[{"href":"https:\/\/deannafrazier.com\/home\/wp-json\/wp\/v2\/pages\/7140","targetHints":{"allow":["GET"]}}],"collection":[{"href":"https:\/\/deannafrazier.com\/home\/wp-json\/wp\/v2\/pages"}],"about":[{"href":"https:\/\/deannafrazier.com\/home\/wp-json\/wp\/v2\/types\/page"}],"author":[{"embeddable":true,"href":"https:\/\/deannafrazier.com\/home\/wp-json\/wp\/v2\/users\/1"}],"replies":[{"embeddable":true,"href":"https:\/\/deannafrazier.com\/home\/wp-json\/wp\/v2\/comments?post=7140"}],"version-history":[{"count":0,"href":"https:\/\/deannafrazier.com\/home\/wp-json\/wp\/v2\/pages\/7140\/revisions"}],"wp:attachment":[{"href":"https:\/\/deannafrazier.com\/home\/wp-json\/wp\/v2\/media?parent=7140"}],"curies":[{"name":"wp","href":"https:\/\/api.w.org\/{rel}","templated":true}]}}